{"id":7573,"date":"2018-05-05T15:06:44","date_gmt":"2018-05-05T13:06:44","guid":{"rendered":"http:\/\/peggytalk.peggy-forum.at\/?page_id=7573"},"modified":"2018-09-23T19:10:26","modified_gmt":"2018-09-23T17:10:26","slug":"datenschutzerklaerung","status":"publish","type":"page","link":"https:\/\/peggytalk.peggy-forum.at\/?page_id=7573","title":{"rendered":"Datenschutzerkl\u00e4rung"},"content":{"rendered":"<p><strong>Datenschutzerkl\u00e4rung<\/strong><\/p>\n<p>Der Schutz Deiner personenbezogenen Daten ist uns ein besonderes Anliegen. Wir verarbeiten Deine Daten daher ausschlie\u00dflich auf Grundlage der gesetzlichen Bestimmungen (DSGVO, TKG 2003, Datenschutzanpassungsgesetz 2018). In dieser Datenschutzerkl\u00e4rung informieren wir Dich \u00fcber die wichtigsten Aspekte der Datenverarbeitung im Rahmen dieser Website.<\/p>\n<p><strong>Kontakt mit uns<\/strong><\/p>\n<p>Wenn Du per E-Mail Kontakt mit uns aufnimmst, werden Deine Daten ausschlie\u00dflich zum Zweck der Bearbeitung der Anfrage und f\u00fcr den Fall von Anschlussanfragen sechs Monate bei uns gespeichert. Diese Daten geben wir nicht ohne Deine ausdr\u00fcckliche Einwilliung weiter.<\/p>\n<p><strong>Haftung f\u00fcr Links<\/strong><\/p>\n<p>Unsere Website enth\u00e4lt unter Umst\u00e4nden Links zu Webseiten Dritter, auf deren Inhalte wir keinen Einfluss haben. Aus diesem Grund k\u00f6nnen wir f\u00fcr diese Inhalte auch keine Gew\u00e4hr \u00fcbernehmen. F\u00fcr die Inhalte der verlinkten Seiten ist stets der jeweilige Anbieter oder Betreiber der Seiten verantwortlich. Eine permanente, inhaltliche Kontrolle der verlinkten Seiten ist ohne konkreten Anhaltspunkt einer Rechtsverletzung nicht zumutbar. Bei bekanntwerden von Rechtsverletzungen werden wir derartige Links umgehend entfernen. Dies betrifft auch Links die von den BenutzerInnen unserer Website im Rahmen von Foren beitr\u00e4gen oder PN&#8217;s eingebracht werden.<\/p>\n<p><strong>Cookies<\/strong><\/p>\n<p>Diese Webseite erstellt beim Besuch des Blogs mehrere Cookies, wenn Du einen Kommentar in diesem Blog hinterl\u00e4\u00dft. Cookies sind kleine Textdateien, die dein Browser als tempor\u00e4re Dateien ablegt. Diese Cookies enthalten eine eindeutige Benutzer-Nummer (Benutzer-ID) die verwendet wird um den von Dir eingegebenen Namen, Deine E-Mailadresse, mglw. Deine Webseitenadresse sowie ob Du bei Beitr\u00e4gen per E-Mail verst\u00e4ndigt werden m\u00f6chtest, eindeutig Dir zuzuordnen. Ein weiterer Cookie mit dem Namen:cookie_notice_accepted speichert ob Du der Verwendung von Cookies zugestimmt hast. All diese Cookies sind f\u00fcr den Betrieb dieser Seite technisch notwendig. Solltest Du diese Cookies in Deinem Browser nicht erlauben, kann die Seite nicht korrekt dargestellt werden, bzw. einige Funktionen nicht korrekt ausgef\u00fchrt werden. Sogenannte Third Party Cookies von Drittanbietern werden in diesem Blog nicht verwendet.<br \/>\nCookies kannst Du in Deinem Browser selber verwalten. Wie das f\u00fcr die drei g\u00e4ngigsten Browser funktioniert, kannst Du hier nachlesen:<br \/>\n<a href=\"https:\/\/support.google.com\/chrome\/answer\/95647?co=GENIE.Platform%3DDesktop&amp;hl=de\" target=\"_blank\" rel=\"noopener\">Chrome Internet Browser<\/a><br \/>\n<a href=\"https:\/\/support.mozilla.org\/de\/kb\/cookies-erlauben-und-ablehnen\" target=\"_blank\" rel=\"noopener\">Firefox Internet Browser<\/a><br \/>\n<a href=\"https:\/\/support.microsoft.com\/de-at\/help\/17442\/windows-internet-explorer-delete-manage-cookies\" target=\"_blank\" rel=\"noopener\">Microsoft Internet Explorer<\/a><\/p>\n<p><strong>Verarbeitung Deiner Daten<\/strong><br \/>\nWenn Du in diesem Blog einen Kommentar hinterl\u00e4sst, werden wir die von Dir eingegebenen Daten Name, E-Mailadresse sowie m\u00f6glicherweise einen Link zu Deiner Website, sowie den von Dir eingegebenen Kommentar speichern. Die von Dir eingegebene E-Mailadresse wird anderen nicht angezeigt und dient lediglich dazu ggf. mit Dir in Kontakt treten zu k\u00f6nnen sowie Dich bei zuk\u00fcnftigen Kommentaren eindeutig identifiziern zu k\u00f6nnen.<br \/>\nDar\u00fcber hinaus wird, wenn Du einen Kommentar im Blog hinterl\u00e4sst, Deine IP-Adresse in der Datenbankk in Verbindung mit dem Kommentar gespeichert.<br \/>\nWenn Du unter Angabe Deiner Email-Adresse eine Benachrichtigung bei neuen Blogartikeln bestellst, werden Deine Daten wie unter Abonnement beschrieben verarbeitet.<\/p>\n<p>Dar\u00fcber hinaus werden werden die oben genannten Daten, wie folgt beschrieben an Akismet.com gesendet.<\/p>\n<p><strong>Akismet Anti Spam<\/strong><br \/>\nDiese Seite nutzt das <a href=\"http:\/\/akismet.com\/\" target=\"_blank\" rel=\"noopener\">Akismet<\/a>-Plugin der <a href=\"http:\/\/automattic.com\/\" target=\"_blank\" rel=\"noopener\">Automattic Inc.<\/a>, 60 29th Street #343, San Francisco, CA 94110-4929, USA. Mit Hilfe dieses Plugins werden Kommentare von echten Menschen von Spam-Kommentaren unterschieden. Dazu werden alle Deine Kommentarangaben an einen Server in den USA gesendet, wo sie analysiert und f\u00fcr Vergleichszwecke vier Tage lang gespeichert werden. Wird ein Kommentar als Spam eingestuft, werden die Daten \u00fcber diese Zeit hinaus gespeichert. Zu diesen Angaben geh\u00f6ren der eingegebene Name, die Emailadresse, die IP-Adresse, der Kommentarinhalt, der Referrer, Angaben zum verwendeten Browser sowie dem Computersystem und die Zeit des Eintrags. Du kannst gerne ein Pseudonym nutzen. Du kannst die \u00dcbertragung der Daten komplett verhindern, in dem Du unser Kommentarsystem nicht nutzt. Das w\u00e4re schade, aber leider sehen wir sonst keine Alternative, die ebenso effektiv arbeitet.<\/p>\n<p><strong>Abonnement<\/strong><br \/>\nDu kannst im Men\u00fc unter Abonnement Deine Email-Adresse eintragen, um automatisch eine Email-Benachrichtigung zu erhalten, wenn ein neuer Blog-Artikel erstellt wird. Deine Email-Adresse wird bei uns am Server verarbeitet und nicht an Dritte weitergegeben. Du erh\u00e4lst eine Best\u00e4tigungs-Email welche Du best\u00e4tigen musst um Benachrichtigungen zu erhalten. Du hast jederzeit die M\u00f6glichkeit dieses Abonnement zu k\u00fcndigen, indem Du in einer Mail von uns auf unsubscribe klickst.<br \/>\nWir werden Deine Email-Adresse zu keinem anderen als dem hier beschriebenen Zweck nutzen.<\/p>\n<p><strong>IP-Adressen<\/strong><\/p>\n<p>Wenn Du die Webseiten dieses Blogs aufrufst, wird am Webserver dieses Blogs Deine IP-Adresse gespeichert. Diese IP-Adresse ist f\u00fcr die Betreiber einen Tag lang zur G\u00e4nze verf\u00fcgbar. Nach Ablauf eines Tages wird diese IP-Adresse am Webserver automatisch anonymisiert und steht dann ausschlie\u00dflich anonym zur Verf\u00fcgung. Im Blog selber wird die IP-Adresse mit Stand April 2018 zur G\u00e4nze gespeichert und nicht anonymisiert. Dies ist technisch zur Zeit nicht \u00e4nderbar. Diese Adressen sind lediglich den Betreibern dieses Blogs zug\u00e4nglich und werden nicht an Dritte weitergegeben.<br \/>\nDar\u00fcber hinaus wird, wenn Du einen Kommentar im Blog hinterl\u00e4sst, Deine IP-Adresse in der Datenbankk in Verbindung mit dem Kommentar gespeichert. Aus Gr\u00fcnden einer m\u00f6glichen Verfolgung von Straftatbest\u00e4nden wird diese f\u00fcr die Dauer der Speicherung des Kommentars gespeichert.<\/p>\n<p><strong>Deine Rechte<\/strong><\/p>\n<p>Dir steht das Recht auf Auskunft, Berichtigung, L\u00f6schung, Einschr\u00e4nkung der Verarbeitung, Daten\u00fcbertragbarkeit, Widerruf und Widerspruch zu. F\u00fcr die Berichtigung und Korrektheit der von Dir eingegebenen personenbezogenen Daten bist Du jedoch selber verantwortlich. Wenn Du glaubst, dass die Verarbeitung Deiner Daten gegen das Datenschutzrecht verst\u00f6\u00dft oder Deine datenschutzrechtlichen Anspr\u00fcche sonst in einer Weise verletzt worden sind, kannst Du Dich bei der Aufsichtsbeh\u00f6rde beschweren. In \u00d6sterreich ist dies die Datenschutzbeh\u00f6rde.<\/p>\n<p>Verantwortlicher im Sinne der EU-Datenschutzgrundverordnung<\/p>\n<p>J\u00f6rg und Andrea Voss<br \/>\n1100 Wien<\/p>\n<p>Datenschutzbeauftrager: datenschutz@peggy-forum.com<\/p>\n<p>Version 2 der Datenschutzerkl\u00e4rung vom 23.09.2018<\/p>\n","protected":false},"excerpt":{"rendered":"<p>Datenschutzerkl\u00e4rung Der Schutz Deiner personenbezogenen Daten ist uns ein besonderes Anliegen. Wir verarbeiten Deine Daten daher ausschlie\u00dflich auf Grundlage der gesetzlichen Bestimmungen (DSGVO, TKG 2003, Datenschutzanpassungsgesetz 2018). In dieser Datenschutzerkl\u00e4rung informieren wir Dich \u00fcber die wichtigsten Aspekte der Datenverarbeitung im Rahmen dieser Website. Kontakt mit uns Wenn Du per E-Mail Kontakt mit uns aufnimmst, werden Deine Daten ausschlie\u00dflich zum Zweck<\/p>\n","protected":false},"author":2,"featured_media":0,"parent":0,"menu_order":0,"comment_status":"closed","ping_status":"closed","template":"","meta":{"footnotes":""},"post_mailing_queue_ids":[],"_links":{"self":[{"href":"https:\/\/peggytalk.peggy-forum.at\/index.php?rest_route=\/wp\/v2\/pages\/7573"}],"collection":[{"href":"https:\/\/peggytalk.peggy-forum.at\/index.php?rest_route=\/wp\/v2\/pages"}],"about":[{"href":"https:\/\/peggytalk.peggy-forum.at\/index.php?rest_route=\/wp\/v2\/types\/page"}],"author":[{"embeddable":true,"href":"https:\/\/peggytalk.peggy-forum.at\/index.php?rest_route=\/wp\/v2\/users\/2"}],"replies":[{"embeddable":true,"href":"https:\/\/peggytalk.peggy-forum.at\/index.php?rest_route=%2Fwp%2Fv2%2Fcomments&post=7573"}],"version-history":[{"count":9,"href":"https:\/\/peggytalk.peggy-forum.at\/index.php?rest_route=\/wp\/v2\/pages\/7573\/revisions"}],"predecessor-version":[{"id":7723,"href":"https:\/\/peggytalk.peggy-forum.at\/index.php?rest_route=\/wp\/v2\/pages\/7573\/revisions\/7723"}],"wp:attachment":[{"href":"https:\/\/peggytalk.peggy-forum.at\/index.php?rest_route=%2Fwp%2Fv2%2Fmedia&parent=7573"}],"curies":[{"name":"wp","href":"https:\/\/api.w.org\/{rel}","templated":true}]}}