{"id":240,"date":"2011-06-13T09:01:31","date_gmt":"2011-06-13T07:01:31","guid":{"rendered":"http:\/\/peggy-forum.at\/ptn\/?page_id=240"},"modified":"2016-02-07T06:16:57","modified_gmt":"2016-02-07T05:16:57","slug":"impressum","status":"publish","type":"page","link":"https:\/\/peggytalk.peggy-forum.at\/?page_id=240","title":{"rendered":"Impressum"},"content":{"rendered":"<p><strong>Inhaberin:<\/strong><\/p>\n<p>Andrea Voss<br \/>\nWien<\/p>\n<p><strong>Kontakt:<\/strong><\/p>\n<p>frau.andrea.voss@gmail.com<\/p>\n<p><strong>Kontakt bitte per Mail<\/strong><\/p>\n<p><strong>Haftungsausschluss<\/strong><\/p>\n<p>Hiermit distanziere ich mich von allen Inhalten, die in den gelinkten Seiten zu finden sind.Diese Erkl\u00e4rung gilt f\u00fcr alle auf dieser Seite angebrachten Links.Der Anti Spam Filter Askimet ist hier integriert um m\u00f6glichen Spam abzuwehren. Dieser untersucht Ihren Kommentar, in dem er folgende Inhalte an einen Server in den USA sendet und dort mit einer langen Liste von gesperrten W\u00f6rtern, IP Adressen, E-Mail Adressen, Domains usw. abgleicht.* comment_author * comment_author_email * comment_author_url * user_ID * user_ip * user_agent * referrerSollte sich in Ihrem Kommentar eins der gesperrten W\u00f6rter, E-Mail Adressen, Domains usw. befinden, wird der Akismet Anti Spam Filter eine Spam Meldung zur\u00fcckgeben und diese auch in ihren Serverinformationen in den USA speichern. Wir haben keinerlei Einfluss darauf welche Informationen dort dauerhaft gespeichert werden und k\u00f6nnen diese auch nicht einsehen!<\/p>\n<p><strong>Wenn Sie damit nicht einverstanden sind, d\u00fcrfen Sie hier nicht kommentieren !!!<\/strong><\/p>\n<p>\u00a9 Texte und Fotos d\u00fcrfen ausnahmslos nur nach R\u00fccksprache mit Andrea Voss verwendet werden<\/p>\n","protected":false},"excerpt":{"rendered":"<p>Inhaberin: Andrea Voss Wien Kontakt: frau.andrea.voss@gmail.com Kontakt bitte per Mail Haftungsausschluss Hiermit distanziere ich mich von allen Inhalten, die in den gelinkten Seiten zu finden sind.Diese Erkl\u00e4rung gilt f\u00fcr alle auf dieser Seite angebrachten Links.Der Anti Spam Filter Askimet ist hier integriert um m\u00f6glichen Spam abzuwehren. Dieser untersucht Ihren Kommentar, in dem er folgende Inhalte an einen Server in den<\/p>\n","protected":false},"author":1,"featured_media":0,"parent":0,"menu_order":0,"comment_status":"closed","ping_status":"open","template":"","meta":{"footnotes":""},"post_mailing_queue_ids":[],"_links":{"self":[{"href":"https:\/\/peggytalk.peggy-forum.at\/index.php?rest_route=\/wp\/v2\/pages\/240"}],"collection":[{"href":"https:\/\/peggytalk.peggy-forum.at\/index.php?rest_route=\/wp\/v2\/pages"}],"about":[{"href":"https:\/\/peggytalk.peggy-forum.at\/index.php?rest_route=\/wp\/v2\/types\/page"}],"author":[{"embeddable":true,"href":"https:\/\/peggytalk.peggy-forum.at\/index.php?rest_route=\/wp\/v2\/users\/1"}],"replies":[{"embeddable":true,"href":"https:\/\/peggytalk.peggy-forum.at\/index.php?rest_route=%2Fwp%2Fv2%2Fcomments&post=240"}],"version-history":[{"count":8,"href":"https:\/\/peggytalk.peggy-forum.at\/index.php?rest_route=\/wp\/v2\/pages\/240\/revisions"}],"predecessor-version":[{"id":5864,"href":"https:\/\/peggytalk.peggy-forum.at\/index.php?rest_route=\/wp\/v2\/pages\/240\/revisions\/5864"}],"wp:attachment":[{"href":"https:\/\/peggytalk.peggy-forum.at\/index.php?rest_route=%2Fwp%2Fv2%2Fmedia&parent=240"}],"curies":[{"name":"wp","href":"https:\/\/api.w.org\/{rel}","templated":true}]}}